{"id":5396,"date":"2022-12-17T19:40:48","date_gmt":"2022-12-17T22:40:48","guid":{"rendered":"https:\/\/renatosniecikoski.com\/?page_id=5396"},"modified":"2022-12-23T06:15:12","modified_gmt":"2022-12-23T09:15:12","slug":"videos","status":"publish","type":"page","link":"https:\/\/renatosniecikoski.com\/pt-br\/videos\/","title":{"rendered":"V\u00eddeos"},"content":{"rendered":"\t\t<div data-elementor-type=\"wp-page\" data-elementor-id=\"5396\" class=\"elementor elementor-5396\" data-elementor-post-type=\"page\">\n\t\t\t\t\t\t<section class=\"elementor-section elementor-top-section elementor-element elementor-element-91ba28d elementor-section-boxed elementor-section-height-default elementor-section-height-default\" data-id=\"91ba28d\" data-element_type=\"section\" data-e-type=\"section\">\n\t\t\t\t\t\t<div class=\"elementor-container elementor-column-gap-default\">\n\t\t\t\t\t<div class=\"elementor-column elementor-col-100 elementor-top-column elementor-element elementor-element-92b3497\" data-id=\"92b3497\" data-element_type=\"column\" data-e-type=\"column\">\n\t\t\t<div class=\"elementor-widget-wrap elementor-element-populated\">\n\t\t\t\t\t\t<div class=\"elementor-element elementor-element-1c502b8 elementor-widget elementor-widget-spacer\" data-id=\"1c502b8\" data-element_type=\"widget\" data-e-type=\"widget\" data-widget_type=\"spacer.default\">\n\t\t\t\t<div class=\"elementor-widget-container\">\n\t\t\t\t\t\t\t<div class=\"elementor-spacer\">\n\t\t\t<div class=\"elementor-spacer-inner\"><\/div>\n\t\t<\/div>\n\t\t\t\t\t\t<\/div>\n\t\t\t\t<\/div>\n\t\t\t\t\t<\/div>\n\t\t<\/div>\n\t\t\t\t\t<\/div>\n\t\t<\/section>\n\t\t\t\t<section class=\"elementor-section elementor-top-section elementor-element elementor-element-56cca3c elementor-section-boxed elementor-section-height-default elementor-section-height-default\" data-id=\"56cca3c\" data-element_type=\"section\" data-e-type=\"section\">\n\t\t\t\t\t\t<div class=\"elementor-container elementor-column-gap-default\">\n\t\t\t\t\t<div class=\"elementor-column elementor-col-100 elementor-top-column elementor-element elementor-element-af6fdea\" data-id=\"af6fdea\" data-element_type=\"column\" data-e-type=\"column\">\n\t\t\t<div class=\"elementor-widget-wrap elementor-element-populated\">\n\t\t\t\t\t\t<div class=\"elementor-element elementor-element-91698fb elementor-widget elementor-widget-heading\" data-id=\"91698fb\" data-element_type=\"widget\" data-e-type=\"widget\" data-widget_type=\"heading.default\">\n\t\t\t\t<div class=\"elementor-widget-container\">\n\t\t\t\t\t<h3 class=\"elementor-heading-title elementor-size-default\">Videos<\/h3>\t\t\t\t<\/div>\n\t\t\t\t<\/div>\n\t\t\t\t\t<\/div>\n\t\t<\/div>\n\t\t\t\t\t<\/div>\n\t\t<\/section>\n\t\t\t\t<section class=\"elementor-section elementor-top-section elementor-element elementor-element-e0e74bd elementor-section-boxed elementor-section-height-default elementor-section-height-default\" data-id=\"e0e74bd\" data-element_type=\"section\" data-e-type=\"section\">\n\t\t\t\t\t\t<div class=\"elementor-container elementor-column-gap-default\">\n\t\t\t\t\t<div class=\"elementor-column elementor-col-100 elementor-top-column elementor-element elementor-element-8280021\" data-id=\"8280021\" data-element_type=\"column\" data-e-type=\"column\">\n\t\t\t<div class=\"elementor-widget-wrap elementor-element-populated\">\n\t\t\t\t\t\t<div class=\"elementor-element elementor-element-782d460 elementor-widget elementor-widget-spacer\" data-id=\"782d460\" data-element_type=\"widget\" data-e-type=\"widget\" data-widget_type=\"spacer.default\">\n\t\t\t\t<div class=\"elementor-widget-container\">\n\t\t\t\t\t\t\t<div class=\"elementor-spacer\">\n\t\t\t<div class=\"elementor-spacer-inner\"><\/div>\n\t\t<\/div>\n\t\t\t\t\t\t<\/div>\n\t\t\t\t<\/div>\n\t\t\t\t\t<\/div>\n\t\t<\/div>\n\t\t\t\t\t<\/div>\n\t\t<\/section>\n\t\t\t\t<section class=\"elementor-section elementor-top-section elementor-element elementor-element-2933e10 elementor-section-boxed elementor-section-height-default elementor-section-height-default\" data-id=\"2933e10\" data-element_type=\"section\" data-e-type=\"section\">\n\t\t\t\t\t\t<div class=\"elementor-container elementor-column-gap-default\">\n\t\t\t\t\t<div class=\"elementor-column elementor-col-33 elementor-top-column elementor-element elementor-element-aa39e5c\" data-id=\"aa39e5c\" data-element_type=\"column\" data-e-type=\"column\">\n\t\t\t<div class=\"elementor-widget-wrap\">\n\t\t\t\t\t\t\t<\/div>\n\t\t<\/div>\n\t\t\t\t<div class=\"elementor-column elementor-col-33 elementor-top-column elementor-element elementor-element-ddc30ab\" data-id=\"ddc30ab\" data-element_type=\"column\" data-e-type=\"column\">\n\t\t\t<div class=\"elementor-widget-wrap elementor-element-populated\">\n\t\t\t\t\t\t<div class=\"elementor-element elementor-element-c35e4e0 elementor-widget__width-initial elementor-widget elementor-widget-video\" data-id=\"c35e4e0\" data-element_type=\"widget\" data-e-type=\"widget\" data-settings=\"{&quot;video_type&quot;:&quot;vimeo&quot;}\" data-widget_type=\"video.default\">\n\t\t\t\t<div class=\"elementor-widget-container\">\n\t\t\t\t\t\t\t<div class=\"elementor-wrapper elementor-open-inline\">\n\t\t\t<iframe class=\"elementor-video-iframe\" allowfullscreen allow=\"clipboard-write\" title=\"Reprodutor de v\u00eddeo vimeo\" src=\"https:\/\/player.vimeo.com\/video\/772020009?color=6E6E6E&amp;autopause=0&amp;loop=0&amp;muted=0&amp;title=0&amp;portrait=0&amp;byline=0&amp;h=b3e456e2b6#t=\"><\/iframe>\t\t<\/div>\n\t\t\t\t\t\t<\/div>\n\t\t\t\t<\/div>\n\t\t\t\t\t<\/div>\n\t\t<\/div>\n\t\t\t\t<div class=\"elementor-column elementor-col-33 elementor-top-column elementor-element elementor-element-84810cf\" data-id=\"84810cf\" data-element_type=\"column\" data-e-type=\"column\">\n\t\t\t<div class=\"elementor-widget-wrap elementor-element-populated\">\n\t\t\t\t\t\t<div class=\"elementor-element elementor-element-be2ac97 elementor-widget elementor-widget-heading\" data-id=\"be2ac97\" data-element_type=\"widget\" data-e-type=\"widget\" data-widget_type=\"heading.default\">\n\t\t\t\t<div class=\"elementor-widget-container\">\n\t\t\t\t\t<h2 class=\"elementor-heading-title elementor-size-default\">Recente<\/h2>\t\t\t\t<\/div>\n\t\t\t\t<\/div>\n\t\t\t\t<div class=\"elementor-element elementor-element-c28f4cc elementor-widget elementor-widget-text-editor\" data-id=\"c28f4cc\" data-element_type=\"widget\" data-e-type=\"widget\" data-widget_type=\"text-editor.default\">\n\t\t\t\t<div class=\"elementor-widget-container\">\n\t\t\t\t\t\t\t\t\t<p><em>O que \u00e9 arte?<\/em> H\u00e1 varias ideias e conceitos sobre a arte. Mas eu prefiro uma defini\u00e7\u00e3o pragm\u00e1tica, citada por E. H. Gombrich em Arte e Ilus\u00e3o, quando diz que a arte pode ser varias coisas, mas no fundo sempre ser\u00e1 psicologia.<\/p>\t\t\t\t\t\t\t\t<\/div>\n\t\t\t\t<\/div>\n\t\t\t\t\t<\/div>\n\t\t<\/div>\n\t\t\t\t\t<\/div>\n\t\t<\/section>\n\t\t\t\t<\/div>\n\t\t","protected":false},"excerpt":{"rendered":"<p>Videos Recente O que \u00e9 arte? H\u00e1 varias ideias e conceitos sobre a arte. Mas eu prefiro uma defini\u00e7\u00e3o pragm\u00e1tica, citada por E. H. Gombrich em Arte e Ilus\u00e3o, quando diz que a arte pode ser varias coisas, mas no fundo sempre ser\u00e1 psicologia.<\/p>\n","protected":false},"author":1,"featured_media":0,"parent":0,"menu_order":0,"comment_status":"closed","ping_status":"closed","template":"","meta":{"site-sidebar-layout":"no-sidebar","site-content-layout":null,"ast-site-content-layout":"default","site-content-style":"default","site-sidebar-style":"default","ast-global-header-display":"","ast-banner-title-visibility":"","ast-main-header-display":"","ast-hfb-above-header-display":"","ast-hfb-below-header-display":"","ast-hfb-mobile-header-display":"","site-post-title":"disabled","ast-breadcrumbs-content":null,"ast-featured-img":"disabled","footer-sml-layout":null,"ast-disable-related-posts":"","theme-transparent-header-meta":"","adv-header-id-meta":"","stick-header-meta":"","header-above-stick-meta":"","header-main-stick-meta":"","header-below-stick-meta":null,"astra-migrate-meta-layouts":"default","ast-page-background-enabled":"default","ast-page-background-meta":{"desktop":{"background-color":"","background-image":"","background-repeat":"repeat","background-position":"center center","background-size":"auto","background-attachment":"scroll","background-type":"","background-media":"","overlay-type":"","overlay-color":"","overlay-opacity":"","overlay-gradient":""},"tablet":{"background-color":"","background-image":"","background-repeat":"repeat","background-position":"center center","background-size":"auto","background-attachment":"scroll","background-type":"","background-media":"","overlay-type":"","overlay-color":"","overlay-opacity":"","overlay-gradient":""},"mobile":{"background-color":"","background-image":"","background-repeat":"repeat","background-position":"center center","background-size":"auto","background-attachment":"scroll","background-type":"","background-media":"","overlay-type":"","overlay-color":"","overlay-opacity":"","overlay-gradient":""}},"ast-content-background-meta":{"desktop":{"background-color":"var(--ast-global-color-5)","background-image":"","background-repeat":"repeat","background-position":"center center","background-size":"auto","background-attachment":"scroll","background-type":"","background-media":"","overlay-type":"","overlay-color":"","overlay-opacity":"","overlay-gradient":""},"tablet":{"background-color":"var(--ast-global-color-5)","background-image":"","background-repeat":"repeat","background-position":"center center","background-size":"auto","background-attachment":"scroll","background-type":"","background-media":"","overlay-type":"","overlay-color":"","overlay-opacity":"","overlay-gradient":""},"mobile":{"background-color":"var(--ast-global-color-5)","background-image":"","background-repeat":"repeat","background-position":"center center","background-size":"auto","background-attachment":"scroll","background-type":"","background-media":"","overlay-type":"","overlay-color":"","overlay-opacity":"","overlay-gradient":""}},"footnotes":""},"class_list":["post-5396","page","type-page","status-publish","hentry"],"yoast_head":"<!-- This site is optimized with the Yoast SEO plugin v27.2 - https:\/\/yoast.com\/product\/yoast-seo-wordpress\/ -->\n<title>V\u00eddeos - Renato Sniecikoski<\/title>\n<meta name=\"robots\" content=\"noindex, follow, max-snippet:-1, max-image-preview:large, max-video-preview:-1\" \/>\n<meta property=\"og:locale\" content=\"pt_BR\" \/>\n<meta property=\"og:type\" content=\"article\" \/>\n<meta property=\"og:title\" content=\"V\u00eddeos - Renato Sniecikoski\" \/>\n<meta property=\"og:description\" content=\"Videos Recente O que \u00e9 arte? H\u00e1 varias ideias e conceitos sobre a arte. Mas eu prefiro uma defini\u00e7\u00e3o pragm\u00e1tica, citada por E. H. Gombrich em Arte e Ilus\u00e3o, quando diz que a arte pode ser varias coisas, mas no fundo sempre ser\u00e1 psicologia.\" \/>\n<meta property=\"og:url\" content=\"https:\/\/renatosniecikoski.com\/pt-br\/videos\/\" \/>\n<meta property=\"og:site_name\" content=\"Renato Sniecikoski\" \/>\n<meta property=\"article:publisher\" content=\"https:\/\/www.facebook.com\/Renato.Snie\/\" \/>\n<meta property=\"article:modified_time\" content=\"2022-12-23T09:15:12+00:00\" \/>\n<meta name=\"twitter:card\" content=\"summary_large_image\" \/>\n<meta name=\"twitter:label1\" content=\"Est. tempo de leitura\" \/>\n\t<meta name=\"twitter:data1\" content=\"1 minuto\" \/>\n<script type=\"application\/ld+json\" class=\"yoast-schema-graph\">{\"@context\":\"https:\/\/schema.org\",\"@graph\":[{\"@type\":\"WebPage\",\"@id\":\"https:\/\/renatosniecikoski.com\/pt-br\/videos\/\",\"url\":\"https:\/\/renatosniecikoski.com\/pt-br\/videos\/\",\"name\":\"V\u00eddeos - Renato Sniecikoski\",\"isPartOf\":{\"@id\":\"https:\/\/renatosniecikoski.com\/#website\"},\"datePublished\":\"2022-12-17T22:40:48+00:00\",\"dateModified\":\"2022-12-23T09:15:12+00:00\",\"breadcrumb\":{\"@id\":\"https:\/\/renatosniecikoski.com\/pt-br\/videos\/#breadcrumb\"},\"inLanguage\":\"pt-BR\",\"potentialAction\":[{\"@type\":\"ReadAction\",\"target\":[\"https:\/\/renatosniecikoski.com\/pt-br\/videos\/\"]}]},{\"@type\":\"BreadcrumbList\",\"@id\":\"https:\/\/renatosniecikoski.com\/pt-br\/videos\/#breadcrumb\",\"itemListElement\":[{\"@type\":\"ListItem\",\"position\":1,\"name\":\"Home\",\"item\":\"https:\/\/renatosniecikoski.com\/pt-br\/\"},{\"@type\":\"ListItem\",\"position\":2,\"name\":\"V\u00eddeos\"}]},{\"@type\":\"WebSite\",\"@id\":\"https:\/\/renatosniecikoski.com\/#website\",\"url\":\"https:\/\/renatosniecikoski.com\/\",\"name\":\"Renato Sniecikoski\",\"description\":\"Art Studio\",\"publisher\":{\"@id\":\"https:\/\/renatosniecikoski.com\/#organization\"},\"potentialAction\":[{\"@type\":\"SearchAction\",\"target\":{\"@type\":\"EntryPoint\",\"urlTemplate\":\"https:\/\/renatosniecikoski.com\/?s={search_term_string}\"},\"query-input\":{\"@type\":\"PropertyValueSpecification\",\"valueRequired\":true,\"valueName\":\"search_term_string\"}}],\"inLanguage\":\"pt-BR\"},{\"@type\":\"Organization\",\"@id\":\"https:\/\/renatosniecikoski.com\/#organization\",\"name\":\"Renato Sniecikoski\",\"url\":\"https:\/\/renatosniecikoski.com\/\",\"logo\":{\"@type\":\"ImageObject\",\"inLanguage\":\"pt-BR\",\"@id\":\"https:\/\/renatosniecikoski.com\/#\/schema\/logo\/image\/\",\"url\":\"https:\/\/renatosniecikoski.com\/wp-content\/uploads\/2022\/11\/cropped-logp-renatosniecikoski.com-10.png\",\"contentUrl\":\"https:\/\/renatosniecikoski.com\/wp-content\/uploads\/2022\/11\/cropped-logp-renatosniecikoski.com-10.png\",\"width\":2000,\"height\":805,\"caption\":\"Renato Sniecikoski\"},\"image\":{\"@id\":\"https:\/\/renatosniecikoski.com\/#\/schema\/logo\/image\/\"},\"sameAs\":[\"https:\/\/www.facebook.com\/Renato.Snie\/\",\"https:\/\/www.instagram.com\/renato.sniecikoski\/\"]}]}<\/script>\n<!-- \/ Yoast SEO plugin. -->","yoast_head_json":{"title":"V\u00eddeos - Renato Sniecikoski","robots":{"index":"noindex","follow":"follow","max-snippet":"max-snippet:-1","max-image-preview":"max-image-preview:large","max-video-preview":"max-video-preview:-1"},"og_locale":"pt_BR","og_type":"article","og_title":"V\u00eddeos - Renato Sniecikoski","og_description":"Videos Recente O que \u00e9 arte? H\u00e1 varias ideias e conceitos sobre a arte. Mas eu prefiro uma defini\u00e7\u00e3o pragm\u00e1tica, citada por E. H. Gombrich em Arte e Ilus\u00e3o, quando diz que a arte pode ser varias coisas, mas no fundo sempre ser\u00e1 psicologia.","og_url":"https:\/\/renatosniecikoski.com\/pt-br\/videos\/","og_site_name":"Renato Sniecikoski","article_publisher":"https:\/\/www.facebook.com\/Renato.Snie\/","article_modified_time":"2022-12-23T09:15:12+00:00","twitter_card":"summary_large_image","twitter_misc":{"Est. tempo de leitura":"1 minuto"},"schema":{"@context":"https:\/\/schema.org","@graph":[{"@type":"WebPage","@id":"https:\/\/renatosniecikoski.com\/pt-br\/videos\/","url":"https:\/\/renatosniecikoski.com\/pt-br\/videos\/","name":"V\u00eddeos - Renato Sniecikoski","isPartOf":{"@id":"https:\/\/renatosniecikoski.com\/#website"},"datePublished":"2022-12-17T22:40:48+00:00","dateModified":"2022-12-23T09:15:12+00:00","breadcrumb":{"@id":"https:\/\/renatosniecikoski.com\/pt-br\/videos\/#breadcrumb"},"inLanguage":"pt-BR","potentialAction":[{"@type":"ReadAction","target":["https:\/\/renatosniecikoski.com\/pt-br\/videos\/"]}]},{"@type":"BreadcrumbList","@id":"https:\/\/renatosniecikoski.com\/pt-br\/videos\/#breadcrumb","itemListElement":[{"@type":"ListItem","position":1,"name":"Home","item":"https:\/\/renatosniecikoski.com\/pt-br\/"},{"@type":"ListItem","position":2,"name":"V\u00eddeos"}]},{"@type":"WebSite","@id":"https:\/\/renatosniecikoski.com\/#website","url":"https:\/\/renatosniecikoski.com\/","name":"Renato Sniecikoski","description":"Art Studio","publisher":{"@id":"https:\/\/renatosniecikoski.com\/#organization"},"potentialAction":[{"@type":"SearchAction","target":{"@type":"EntryPoint","urlTemplate":"https:\/\/renatosniecikoski.com\/?s={search_term_string}"},"query-input":{"@type":"PropertyValueSpecification","valueRequired":true,"valueName":"search_term_string"}}],"inLanguage":"pt-BR"},{"@type":"Organization","@id":"https:\/\/renatosniecikoski.com\/#organization","name":"Renato Sniecikoski","url":"https:\/\/renatosniecikoski.com\/","logo":{"@type":"ImageObject","inLanguage":"pt-BR","@id":"https:\/\/renatosniecikoski.com\/#\/schema\/logo\/image\/","url":"https:\/\/renatosniecikoski.com\/wp-content\/uploads\/2022\/11\/cropped-logp-renatosniecikoski.com-10.png","contentUrl":"https:\/\/renatosniecikoski.com\/wp-content\/uploads\/2022\/11\/cropped-logp-renatosniecikoski.com-10.png","width":2000,"height":805,"caption":"Renato Sniecikoski"},"image":{"@id":"https:\/\/renatosniecikoski.com\/#\/schema\/logo\/image\/"},"sameAs":["https:\/\/www.facebook.com\/Renato.Snie\/","https:\/\/www.instagram.com\/renato.sniecikoski\/"]}]}},"_links":{"self":[{"href":"https:\/\/renatosniecikoski.com\/pt-br\/wp-json\/wp\/v2\/pages\/5396","targetHints":{"allow":["GET"]}}],"collection":[{"href":"https:\/\/renatosniecikoski.com\/pt-br\/wp-json\/wp\/v2\/pages"}],"about":[{"href":"https:\/\/renatosniecikoski.com\/pt-br\/wp-json\/wp\/v2\/types\/page"}],"author":[{"embeddable":true,"href":"https:\/\/renatosniecikoski.com\/pt-br\/wp-json\/wp\/v2\/users\/1"}],"replies":[{"embeddable":true,"href":"https:\/\/renatosniecikoski.com\/pt-br\/wp-json\/wp\/v2\/comments?post=5396"}],"version-history":[{"count":9,"href":"https:\/\/renatosniecikoski.com\/pt-br\/wp-json\/wp\/v2\/pages\/5396\/revisions"}],"predecessor-version":[{"id":5578,"href":"https:\/\/renatosniecikoski.com\/pt-br\/wp-json\/wp\/v2\/pages\/5396\/revisions\/5578"}],"wp:attachment":[{"href":"https:\/\/renatosniecikoski.com\/pt-br\/wp-json\/wp\/v2\/media?parent=5396"}],"curies":[{"name":"wp","href":"https:\/\/api.w.org\/{rel}","templated":true}]}}