{"id":2658,"date":"2020-10-12T17:53:49","date_gmt":"2020-10-12T20:53:49","guid":{"rendered":"https:\/\/renatosniecikoski.com\/?page_id=2658"},"modified":"2023-10-25T04:59:49","modified_gmt":"2023-10-25T07:59:49","slug":"experimentos","status":"publish","type":"page","link":"https:\/\/renatosniecikoski.com\/pt-br\/experimentos\/","title":{"rendered":"Experimentos Art\u00edsticos"},"content":{"rendered":"\t\t<div data-elementor-type=\"wp-page\" data-elementor-id=\"2658\" class=\"elementor elementor-2658\" data-elementor-post-type=\"page\">\n\t\t\t\t\t\t<section class=\"elementor-section elementor-top-section elementor-element elementor-element-12d247ab elementor-section-boxed elementor-section-height-default elementor-section-height-default\" data-id=\"12d247ab\" data-element_type=\"section\" data-e-type=\"section\">\n\t\t\t\t\t\t<div class=\"elementor-container elementor-column-gap-default\">\n\t\t\t\t\t<div class=\"elementor-column elementor-col-100 elementor-top-column elementor-element elementor-element-d21ad93\" data-id=\"d21ad93\" data-element_type=\"column\" data-e-type=\"column\">\n\t\t\t<div class=\"elementor-widget-wrap elementor-element-populated\">\n\t\t\t\t\t\t<div class=\"elementor-element elementor-element-507ffa0 elementor-widget elementor-widget-spacer\" data-id=\"507ffa0\" data-element_type=\"widget\" data-e-type=\"widget\" data-widget_type=\"spacer.default\">\n\t\t\t\t<div class=\"elementor-widget-container\">\n\t\t\t\t\t\t\t<div class=\"elementor-spacer\">\n\t\t\t<div class=\"elementor-spacer-inner\"><\/div>\n\t\t<\/div>\n\t\t\t\t\t\t<\/div>\n\t\t\t\t<\/div>\n\t\t\t\t\t<\/div>\n\t\t<\/div>\n\t\t\t\t\t<\/div>\n\t\t<\/section>\n\t\t\t\t<section class=\"elementor-section elementor-top-section elementor-element elementor-element-71ebdb02 elementor-section-boxed elementor-section-height-default elementor-section-height-default\" data-id=\"71ebdb02\" data-element_type=\"section\" data-e-type=\"section\">\n\t\t\t\t\t\t<div class=\"elementor-container elementor-column-gap-default\">\n\t\t\t\t\t<div class=\"elementor-column elementor-col-100 elementor-top-column elementor-element elementor-element-2efd25bb\" data-id=\"2efd25bb\" data-element_type=\"column\" data-e-type=\"column\">\n\t\t\t<div class=\"elementor-widget-wrap elementor-element-populated\">\n\t\t\t\t\t\t<div class=\"elementor-element elementor-element-4bb299c4 elementor-widget elementor-widget-heading\" data-id=\"4bb299c4\" data-element_type=\"widget\" data-e-type=\"widget\" data-settings=\"{&quot;motion_fx_motion_fx_mouse&quot;:&quot;yes&quot;}\" data-widget_type=\"heading.default\">\n\t\t\t\t<div class=\"elementor-widget-container\">\n\t\t\t\t\t<h2 class=\"elementor-heading-title elementor-size-default\">Experimentos<\/h2>\t\t\t\t<\/div>\n\t\t\t\t<\/div>\n\t\t\t\t\t<\/div>\n\t\t<\/div>\n\t\t\t\t\t<\/div>\n\t\t<\/section>\n\t\t\t\t<section class=\"elementor-section elementor-top-section elementor-element elementor-element-ae921ff elementor-section-boxed elementor-section-height-default elementor-section-height-default\" data-id=\"ae921ff\" data-element_type=\"section\" data-e-type=\"section\">\n\t\t\t\t\t\t<div class=\"elementor-container elementor-column-gap-default\">\n\t\t\t\t\t<div class=\"elementor-column elementor-col-100 elementor-top-column elementor-element elementor-element-30ba94d\" data-id=\"30ba94d\" data-element_type=\"column\" data-e-type=\"column\">\n\t\t\t<div class=\"elementor-widget-wrap elementor-element-populated\">\n\t\t\t\t\t\t<div class=\"elementor-element elementor-element-bd784cb elementor-widget elementor-widget-text-editor\" data-id=\"bd784cb\" data-element_type=\"widget\" data-e-type=\"widget\" data-widget_type=\"text-editor.default\">\n\t\t\t\t<div class=\"elementor-widget-container\">\n\t\t\t\t\t\t\t\t\t<p><em>Ocasionalmente gosto de fazer experimento na arte: \u00e9 uma quebra de paradigmas, um escape da minha consist\u00eancia art\u00edstica.<\/em><\/p>\t\t\t\t\t\t\t\t<\/div>\n\t\t\t\t<\/div>\n\t\t\t\t\t<\/div>\n\t\t<\/div>\n\t\t\t\t\t<\/div>\n\t\t<\/section>\n\t\t\t\t<section class=\"elementor-section elementor-top-section elementor-element elementor-element-f990ae2 elementor-section-boxed elementor-section-height-default elementor-section-height-default\" data-id=\"f990ae2\" data-element_type=\"section\" data-e-type=\"section\">\n\t\t\t\t\t\t<div class=\"elementor-container elementor-column-gap-default\">\n\t\t\t\t\t<div class=\"elementor-column elementor-col-100 elementor-top-column elementor-element elementor-element-6a2fb3f7\" data-id=\"6a2fb3f7\" data-element_type=\"column\" data-e-type=\"column\">\n\t\t\t<div class=\"elementor-widget-wrap elementor-element-populated\">\n\t\t\t\t\t\t<div class=\"elementor-element elementor-element-68455056 elementor-widget elementor-widget-spacer\" data-id=\"68455056\" data-element_type=\"widget\" data-e-type=\"widget\" data-widget_type=\"spacer.default\">\n\t\t\t\t<div class=\"elementor-widget-container\">\n\t\t\t\t\t\t\t<div class=\"elementor-spacer\">\n\t\t\t<div class=\"elementor-spacer-inner\"><\/div>\n\t\t<\/div>\n\t\t\t\t\t\t<\/div>\n\t\t\t\t<\/div>\n\t\t\t\t<div class=\"elementor-element elementor-element-529931f3 elementor-grid-4 elementor-grid-tablet-2 elementor-grid-mobile-1 elementor-widget elementor-widget-portfolio\" data-id=\"529931f3\" data-element_type=\"widget\" data-e-type=\"widget\" data-settings=\"{&quot;columns&quot;:&quot;4&quot;,&quot;masonry&quot;:&quot;yes&quot;,&quot;row_gap&quot;:{&quot;unit&quot;:&quot;px&quot;,&quot;size&quot;:80,&quot;sizes&quot;:[]},&quot;motion_fx_motion_fx_scrolling&quot;:&quot;yes&quot;,&quot;motion_fx_range&quot;:&quot;viewport&quot;,&quot;_animation&quot;:&quot;none&quot;,&quot;columns_tablet&quot;:&quot;2&quot;,&quot;columns_mobile&quot;:&quot;1&quot;,&quot;item_gap&quot;:{&quot;unit&quot;:&quot;px&quot;,&quot;size&quot;:&quot;&quot;,&quot;sizes&quot;:[]},&quot;motion_fx_devices&quot;:[&quot;desktop&quot;,&quot;tablet&quot;,&quot;mobile&quot;]}\" data-widget_type=\"portfolio.default\">\n\t\t\t\t<div class=\"elementor-widget-container\">\n\t\t\t\t\t\t\t<div class=\"elementor-portfolio elementor-grid elementor-posts-container\" role=\"list\">\n\t\t\t\t<article class=\"elementor-portfolio-item elementor-post  post-6058 art-experiment type-art-experiment status-publish format-standard has-post-thumbnail hentry category-art-experiment category-arte-experimento\" role=\"listitem\">\n\t\t\t<a class=\"elementor-post__thumbnail__link\" href=\"https:\/\/renatosniecikoski.com\/pt-br\/art-experiment\/estelas-humanos-e-simbolos\/\">\n\t\t\t\t<div class=\"elementor-portfolio-item__img elementor-post__thumbnail\">\n\t\t\t<img fetchpriority=\"high\" decoding=\"async\" width=\"500\" height=\"500\" src=\"https:\/\/renatosniecikoski.com\/wp-content\/uploads\/2023\/10\/Stelaeand-Humans-IMG-DESTAC.jpg\" class=\"attachment-full size-full wp-image-5856\" alt=\"\" srcset=\"https:\/\/renatosniecikoski.com\/wp-content\/uploads\/2023\/10\/Stelaeand-Humans-IMG-DESTAC.jpg 500w, https:\/\/renatosniecikoski.com\/wp-content\/uploads\/2023\/10\/Stelaeand-Humans-IMG-DESTAC-300x300.jpg 300w, https:\/\/renatosniecikoski.com\/wp-content\/uploads\/2023\/10\/Stelaeand-Humans-IMG-DESTAC-100x100.jpg 100w, https:\/\/renatosniecikoski.com\/wp-content\/uploads\/2023\/10\/Stelaeand-Humans-IMG-DESTAC-400x400.jpg 400w, https:\/\/renatosniecikoski.com\/wp-content\/uploads\/2023\/10\/Stelaeand-Humans-IMG-DESTAC-150x150.jpg 150w\" sizes=\"(max-width: 500px) 100vw, 500px\" \/>\t\t<\/div>\n\t\t\t\t<div class=\"elementor-portfolio-item__overlay\">\n\t\t\t\t<h2 class=\"elementor-portfolio-item__title\">\n\t\tEstelas, Humanos e S\u00edmbolos\t\t<\/h2>\n\t\t\t\t<\/div>\n\t\t\t\t<\/a>\n\t\t<\/article>\n\t\t\t\t<article class=\"elementor-portfolio-item elementor-post  post-3014 art-experiment type-art-experiment status-publish format-standard has-post-thumbnail hentry\" role=\"listitem\">\n\t\t\t<a class=\"elementor-post__thumbnail__link\" href=\"https:\/\/renatosniecikoski.com\/pt-br\/art-experiment\/arte-contenporanea\/\">\n\t\t\t\t<div class=\"elementor-portfolio-item__img elementor-post__thumbnail\">\n\t\t\t<img decoding=\"async\" width=\"500\" height=\"500\" src=\"https:\/\/renatosniecikoski.com\/wp-content\/uploads\/2020\/10\/Contenmporary-Art-img-dstc.jpg\" class=\"attachment-full size-full wp-image-3121\" alt=\"\" srcset=\"https:\/\/renatosniecikoski.com\/wp-content\/uploads\/2020\/10\/Contenmporary-Art-img-dstc.jpg 500w, https:\/\/renatosniecikoski.com\/wp-content\/uploads\/2020\/10\/Contenmporary-Art-img-dstc-300x300.jpg 300w, https:\/\/renatosniecikoski.com\/wp-content\/uploads\/2020\/10\/Contenmporary-Art-img-dstc-100x100.jpg 100w, https:\/\/renatosniecikoski.com\/wp-content\/uploads\/2020\/10\/Contenmporary-Art-img-dstc-400x400.jpg 400w, https:\/\/renatosniecikoski.com\/wp-content\/uploads\/2020\/10\/Contenmporary-Art-img-dstc-150x150.jpg 150w\" sizes=\"(max-width: 500px) 100vw, 500px\" \/>\t\t<\/div>\n\t\t\t\t<div class=\"elementor-portfolio-item__overlay\">\n\t\t\t\t<h2 class=\"elementor-portfolio-item__title\">\n\t\tArte Contempor\u00e2nea\t\t<\/h2>\n\t\t\t\t<\/div>\n\t\t\t\t<\/a>\n\t\t<\/article>\n\t\t\t\t<article class=\"elementor-portfolio-item elementor-post  post-2675 art-experiment type-art-experiment status-publish format-standard has-post-thumbnail hentry\" role=\"listitem\">\n\t\t\t<a class=\"elementor-post__thumbnail__link\" href=\"https:\/\/renatosniecikoski.com\/pt-br\/art-experiment\/o-caminho\/\">\n\t\t\t\t<div class=\"elementor-portfolio-item__img elementor-post__thumbnail\">\n\t\t\t<img decoding=\"async\" width=\"500\" height=\"500\" src=\"https:\/\/renatosniecikoski.com\/wp-content\/uploads\/2020\/09\/The-Way-Img-Dstc.jpg\" class=\"attachment-full size-full wp-image-2677\" alt=\"\" srcset=\"https:\/\/renatosniecikoski.com\/wp-content\/uploads\/2020\/09\/The-Way-Img-Dstc.jpg 500w, https:\/\/renatosniecikoski.com\/wp-content\/uploads\/2020\/09\/The-Way-Img-Dstc-300x300.jpg 300w, https:\/\/renatosniecikoski.com\/wp-content\/uploads\/2020\/09\/The-Way-Img-Dstc-100x100.jpg 100w, https:\/\/renatosniecikoski.com\/wp-content\/uploads\/2020\/09\/The-Way-Img-Dstc-400x400.jpg 400w, https:\/\/renatosniecikoski.com\/wp-content\/uploads\/2020\/09\/The-Way-Img-Dstc-150x150.jpg 150w\" sizes=\"(max-width: 500px) 100vw, 500px\" \/>\t\t<\/div>\n\t\t\t\t<div class=\"elementor-portfolio-item__overlay\">\n\t\t\t\t<h2 class=\"elementor-portfolio-item__title\">\n\t\tO Caminho\t\t<\/h2>\n\t\t\t\t<\/div>\n\t\t\t\t<\/a>\n\t\t<\/article>\n\t\t\t\t<article class=\"elementor-portfolio-item elementor-post  post-2669 art-experiment type-art-experiment status-publish format-standard has-post-thumbnail hentry\" role=\"listitem\">\n\t\t\t<a class=\"elementor-post__thumbnail__link\" href=\"https:\/\/renatosniecikoski.com\/pt-br\/art-experiment\/anahya-2\/\">\n\t\t\t\t<div class=\"elementor-portfolio-item__img elementor-post__thumbnail\">\n\t\t\t<img loading=\"lazy\" decoding=\"async\" width=\"500\" height=\"500\" src=\"https:\/\/renatosniecikoski.com\/wp-content\/uploads\/2020\/09\/experiment-Img-Dstc-500.jpg\" class=\"attachment-full size-full wp-image-2671\" alt=\"\" srcset=\"https:\/\/renatosniecikoski.com\/wp-content\/uploads\/2020\/09\/experiment-Img-Dstc-500.jpg 500w, https:\/\/renatosniecikoski.com\/wp-content\/uploads\/2020\/09\/experiment-Img-Dstc-500-300x300.jpg 300w, https:\/\/renatosniecikoski.com\/wp-content\/uploads\/2020\/09\/experiment-Img-Dstc-500-100x100.jpg 100w, https:\/\/renatosniecikoski.com\/wp-content\/uploads\/2020\/09\/experiment-Img-Dstc-500-400x400.jpg 400w, https:\/\/renatosniecikoski.com\/wp-content\/uploads\/2020\/09\/experiment-Img-Dstc-500-150x150.jpg 150w\" sizes=\"(max-width: 500px) 100vw, 500px\" \/>\t\t<\/div>\n\t\t\t\t<div class=\"elementor-portfolio-item__overlay\">\n\t\t\t\t<h2 class=\"elementor-portfolio-item__title\">\n\t\tAnahya\t\t<\/h2>\n\t\t\t\t<\/div>\n\t\t\t\t<\/a>\n\t\t<\/article>\n\t\t\t\t<\/div>\n\t\t\t\t\t\t<\/div>\n\t\t\t\t<\/div>\n\t\t\t\t<div class=\"elementor-element elementor-element-718c94c7 elementor-widget elementor-widget-spacer\" data-id=\"718c94c7\" data-element_type=\"widget\" data-e-type=\"widget\" data-widget_type=\"spacer.default\">\n\t\t\t\t<div class=\"elementor-widget-container\">\n\t\t\t\t\t\t\t<div class=\"elementor-spacer\">\n\t\t\t<div class=\"elementor-spacer-inner\"><\/div>\n\t\t<\/div>\n\t\t\t\t\t\t<\/div>\n\t\t\t\t<\/div>\n\t\t\t\t\t<\/div>\n\t\t<\/div>\n\t\t\t\t\t<\/div>\n\t\t<\/section>\n\t\t\t\t<section class=\"elementor-section elementor-top-section elementor-element elementor-element-2dd05e9 elementor-section-boxed elementor-section-height-default elementor-section-height-default\" data-id=\"2dd05e9\" data-element_type=\"section\" data-e-type=\"section\">\n\t\t\t\t\t\t<div class=\"elementor-container elementor-column-gap-default\">\n\t\t\t\t\t<div class=\"elementor-column elementor-col-100 elementor-top-column elementor-element elementor-element-1bcaf92\" data-id=\"1bcaf92\" data-element_type=\"column\" data-e-type=\"column\">\n\t\t\t<div class=\"elementor-widget-wrap\">\n\t\t\t\t\t\t\t<\/div>\n\t\t<\/div>\n\t\t\t\t\t<\/div>\n\t\t<\/section>\n\t\t\t\t<\/div>\n\t\t","protected":false},"excerpt":{"rendered":"<p>Experimentos Ocasionalmente gosto de fazer experimento na arte: \u00e9 uma quebra de paradigmas, um escape da minha consist\u00eancia art\u00edstica.<\/p>\n","protected":false},"author":1,"featured_media":0,"parent":0,"menu_order":0,"comment_status":"closed","ping_status":"closed","template":"elementor_header_footer","meta":{"site-sidebar-layout":"no-sidebar","site-content-layout":null,"ast-site-content-layout":"normal-width-container","site-content-style":"unboxed","site-sidebar-style":"unboxed","ast-global-header-display":"","ast-banner-title-visibility":"","ast-main-header-display":"","ast-hfb-above-header-display":"","ast-hfb-below-header-display":"","ast-hfb-mobile-header-display":"","site-post-title":"disabled","ast-breadcrumbs-content":null,"ast-featured-img":"disabled","footer-sml-layout":null,"ast-disable-related-posts":"","theme-transparent-header-meta":"default","adv-header-id-meta":"","stick-header-meta":"default","header-above-stick-meta":"","header-main-stick-meta":"","header-below-stick-meta":null,"astra-migrate-meta-layouts":"default","ast-page-background-enabled":"default","ast-page-background-meta":{"desktop":{"background-color":"","background-image":"","background-repeat":"repeat","background-position":"center center","background-size":"auto","background-attachment":"scroll","background-type":"","background-media":"","overlay-type":"","overlay-color":"","overlay-opacity":"","overlay-gradient":""},"tablet":{"background-color":"","background-image":"","background-repeat":"repeat","background-position":"center center","background-size":"auto","background-attachment":"scroll","background-type":"","background-media":"","overlay-type":"","overlay-color":"","overlay-opacity":"","overlay-gradient":""},"mobile":{"background-color":"","background-image":"","background-repeat":"repeat","background-position":"center center","background-size":"auto","background-attachment":"scroll","background-type":"","background-media":"","overlay-type":"","overlay-color":"","overlay-opacity":"","overlay-gradient":""}},"ast-content-background-meta":{"desktop":{"background-color":"var(--ast-global-color-5)","background-image":"","background-repeat":"repeat","background-position":"center center","background-size":"auto","background-attachment":"scroll","background-type":"","background-media":"","overlay-type":"","overlay-color":"","overlay-opacity":"","overlay-gradient":""},"tablet":{"background-color":"var(--ast-global-color-5)","background-image":"","background-repeat":"repeat","background-position":"center center","background-size":"auto","background-attachment":"scroll","background-type":"","background-media":"","overlay-type":"","overlay-color":"","overlay-opacity":"","overlay-gradient":""},"mobile":{"background-color":"var(--ast-global-color-5)","background-image":"","background-repeat":"repeat","background-position":"center center","background-size":"auto","background-attachment":"scroll","background-type":"","background-media":"","overlay-type":"","overlay-color":"","overlay-opacity":"","overlay-gradient":""}},"footnotes":""},"class_list":["post-2658","page","type-page","status-publish","hentry"],"yoast_head":"<!-- This site is optimized with the Yoast SEO plugin v27.2 - https:\/\/yoast.com\/product\/yoast-seo-wordpress\/ -->\n<title>Experimentos Art\u00edsticos - Renato Sniecikoski<\/title>\n<meta name=\"robots\" content=\"noindex, follow, max-snippet:-1, max-image-preview:large, max-video-preview:-1\" \/>\n<meta property=\"og:locale\" content=\"pt_BR\" \/>\n<meta property=\"og:type\" content=\"article\" \/>\n<meta property=\"og:title\" content=\"Experimentos Art\u00edsticos - Renato Sniecikoski\" \/>\n<meta property=\"og:description\" content=\"Experimentos Ocasionalmente gosto de fazer experimento na arte: \u00e9 uma quebra de paradigmas, um escape da minha consist\u00eancia art\u00edstica.\" \/>\n<meta property=\"og:url\" content=\"https:\/\/renatosniecikoski.com\/pt-br\/experimentos\/\" \/>\n<meta property=\"og:site_name\" content=\"Renato Sniecikoski\" \/>\n<meta property=\"article:publisher\" content=\"https:\/\/www.facebook.com\/Renato.Snie\/\" \/>\n<meta property=\"article:modified_time\" content=\"2023-10-25T07:59:49+00:00\" \/>\n<meta name=\"twitter:card\" content=\"summary_large_image\" \/>\n<meta name=\"twitter:label1\" content=\"Est. tempo de leitura\" \/>\n\t<meta name=\"twitter:data1\" content=\"1 minuto\" \/>\n<script type=\"application\/ld+json\" class=\"yoast-schema-graph\">{\"@context\":\"https:\/\/schema.org\",\"@graph\":[{\"@type\":\"WebPage\",\"@id\":\"https:\/\/renatosniecikoski.com\/pt-br\/experimentos\/\",\"url\":\"https:\/\/renatosniecikoski.com\/pt-br\/experimentos\/\",\"name\":\"Experimentos Art\u00edsticos - Renato Sniecikoski\",\"isPartOf\":{\"@id\":\"https:\/\/renatosniecikoski.com\/#website\"},\"datePublished\":\"2020-10-12T20:53:49+00:00\",\"dateModified\":\"2023-10-25T07:59:49+00:00\",\"breadcrumb\":{\"@id\":\"https:\/\/renatosniecikoski.com\/pt-br\/experimentos\/#breadcrumb\"},\"inLanguage\":\"pt-BR\",\"potentialAction\":[{\"@type\":\"ReadAction\",\"target\":[\"https:\/\/renatosniecikoski.com\/pt-br\/experimentos\/\"]}]},{\"@type\":\"BreadcrumbList\",\"@id\":\"https:\/\/renatosniecikoski.com\/pt-br\/experimentos\/#breadcrumb\",\"itemListElement\":[{\"@type\":\"ListItem\",\"position\":1,\"name\":\"Home\",\"item\":\"https:\/\/renatosniecikoski.com\/pt-br\/\"},{\"@type\":\"ListItem\",\"position\":2,\"name\":\"Experimentos Art\u00edsticos\"}]},{\"@type\":\"WebSite\",\"@id\":\"https:\/\/renatosniecikoski.com\/#website\",\"url\":\"https:\/\/renatosniecikoski.com\/\",\"name\":\"Renato Sniecikoski\",\"description\":\"Art Studio\",\"publisher\":{\"@id\":\"https:\/\/renatosniecikoski.com\/#organization\"},\"potentialAction\":[{\"@type\":\"SearchAction\",\"target\":{\"@type\":\"EntryPoint\",\"urlTemplate\":\"https:\/\/renatosniecikoski.com\/?s={search_term_string}\"},\"query-input\":{\"@type\":\"PropertyValueSpecification\",\"valueRequired\":true,\"valueName\":\"search_term_string\"}}],\"inLanguage\":\"pt-BR\"},{\"@type\":\"Organization\",\"@id\":\"https:\/\/renatosniecikoski.com\/#organization\",\"name\":\"Renato Sniecikoski\",\"url\":\"https:\/\/renatosniecikoski.com\/\",\"logo\":{\"@type\":\"ImageObject\",\"inLanguage\":\"pt-BR\",\"@id\":\"https:\/\/renatosniecikoski.com\/#\/schema\/logo\/image\/\",\"url\":\"https:\/\/renatosniecikoski.com\/wp-content\/uploads\/2022\/11\/cropped-logp-renatosniecikoski.com-10.png\",\"contentUrl\":\"https:\/\/renatosniecikoski.com\/wp-content\/uploads\/2022\/11\/cropped-logp-renatosniecikoski.com-10.png\",\"width\":2000,\"height\":805,\"caption\":\"Renato Sniecikoski\"},\"image\":{\"@id\":\"https:\/\/renatosniecikoski.com\/#\/schema\/logo\/image\/\"},\"sameAs\":[\"https:\/\/www.facebook.com\/Renato.Snie\/\",\"https:\/\/www.instagram.com\/renato.sniecikoski\/\"]}]}<\/script>\n<!-- \/ Yoast SEO plugin. -->","yoast_head_json":{"title":"Experimentos Art\u00edsticos - Renato Sniecikoski","robots":{"index":"noindex","follow":"follow","max-snippet":"max-snippet:-1","max-image-preview":"max-image-preview:large","max-video-preview":"max-video-preview:-1"},"og_locale":"pt_BR","og_type":"article","og_title":"Experimentos Art\u00edsticos - Renato Sniecikoski","og_description":"Experimentos Ocasionalmente gosto de fazer experimento na arte: \u00e9 uma quebra de paradigmas, um escape da minha consist\u00eancia art\u00edstica.","og_url":"https:\/\/renatosniecikoski.com\/pt-br\/experimentos\/","og_site_name":"Renato Sniecikoski","article_publisher":"https:\/\/www.facebook.com\/Renato.Snie\/","article_modified_time":"2023-10-25T07:59:49+00:00","twitter_card":"summary_large_image","twitter_misc":{"Est. tempo de leitura":"1 minuto"},"schema":{"@context":"https:\/\/schema.org","@graph":[{"@type":"WebPage","@id":"https:\/\/renatosniecikoski.com\/pt-br\/experimentos\/","url":"https:\/\/renatosniecikoski.com\/pt-br\/experimentos\/","name":"Experimentos Art\u00edsticos - Renato Sniecikoski","isPartOf":{"@id":"https:\/\/renatosniecikoski.com\/#website"},"datePublished":"2020-10-12T20:53:49+00:00","dateModified":"2023-10-25T07:59:49+00:00","breadcrumb":{"@id":"https:\/\/renatosniecikoski.com\/pt-br\/experimentos\/#breadcrumb"},"inLanguage":"pt-BR","potentialAction":[{"@type":"ReadAction","target":["https:\/\/renatosniecikoski.com\/pt-br\/experimentos\/"]}]},{"@type":"BreadcrumbList","@id":"https:\/\/renatosniecikoski.com\/pt-br\/experimentos\/#breadcrumb","itemListElement":[{"@type":"ListItem","position":1,"name":"Home","item":"https:\/\/renatosniecikoski.com\/pt-br\/"},{"@type":"ListItem","position":2,"name":"Experimentos Art\u00edsticos"}]},{"@type":"WebSite","@id":"https:\/\/renatosniecikoski.com\/#website","url":"https:\/\/renatosniecikoski.com\/","name":"Renato Sniecikoski","description":"Art Studio","publisher":{"@id":"https:\/\/renatosniecikoski.com\/#organization"},"potentialAction":[{"@type":"SearchAction","target":{"@type":"EntryPoint","urlTemplate":"https:\/\/renatosniecikoski.com\/?s={search_term_string}"},"query-input":{"@type":"PropertyValueSpecification","valueRequired":true,"valueName":"search_term_string"}}],"inLanguage":"pt-BR"},{"@type":"Organization","@id":"https:\/\/renatosniecikoski.com\/#organization","name":"Renato Sniecikoski","url":"https:\/\/renatosniecikoski.com\/","logo":{"@type":"ImageObject","inLanguage":"pt-BR","@id":"https:\/\/renatosniecikoski.com\/#\/schema\/logo\/image\/","url":"https:\/\/renatosniecikoski.com\/wp-content\/uploads\/2022\/11\/cropped-logp-renatosniecikoski.com-10.png","contentUrl":"https:\/\/renatosniecikoski.com\/wp-content\/uploads\/2022\/11\/cropped-logp-renatosniecikoski.com-10.png","width":2000,"height":805,"caption":"Renato Sniecikoski"},"image":{"@id":"https:\/\/renatosniecikoski.com\/#\/schema\/logo\/image\/"},"sameAs":["https:\/\/www.facebook.com\/Renato.Snie\/","https:\/\/www.instagram.com\/renato.sniecikoski\/"]}]}},"_links":{"self":[{"href":"https:\/\/renatosniecikoski.com\/pt-br\/wp-json\/wp\/v2\/pages\/2658","targetHints":{"allow":["GET"]}}],"collection":[{"href":"https:\/\/renatosniecikoski.com\/pt-br\/wp-json\/wp\/v2\/pages"}],"about":[{"href":"https:\/\/renatosniecikoski.com\/pt-br\/wp-json\/wp\/v2\/types\/page"}],"author":[{"embeddable":true,"href":"https:\/\/renatosniecikoski.com\/pt-br\/wp-json\/wp\/v2\/users\/1"}],"replies":[{"embeddable":true,"href":"https:\/\/renatosniecikoski.com\/pt-br\/wp-json\/wp\/v2\/comments?post=2658"}],"version-history":[{"count":24,"href":"https:\/\/renatosniecikoski.com\/pt-br\/wp-json\/wp\/v2\/pages\/2658\/revisions"}],"predecessor-version":[{"id":6127,"href":"https:\/\/renatosniecikoski.com\/pt-br\/wp-json\/wp\/v2\/pages\/2658\/revisions\/6127"}],"wp:attachment":[{"href":"https:\/\/renatosniecikoski.com\/pt-br\/wp-json\/wp\/v2\/media?parent=2658"}],"curies":[{"name":"wp","href":"https:\/\/api.w.org\/{rel}","templated":true}]}}